{"id":303,"date":"2023-06-14T16:27:42","date_gmt":"2023-06-14T16:27:42","guid":{"rendered":"https:\/\/rainer-guldin.ch\/?page_id=303"},"modified":"2026-03-27T18:59:32","modified_gmt":"2026-03-27T18:59:32","slug":"news","status":"publish","type":"page","link":"https:\/\/rainer-guldin.ch\/?page_id=303","title":{"rendered":"News"},"content":{"rendered":"\n<p><strong>New and forthcoming Publications<\/strong>:<\/p>\n\n\n\n<p><em>K\u00f6rperalphabet. Ein kritisches W\u00f6rterbuch<\/em>, transcript Verlag, Bielefeld (forthcoming autumn 2026).<\/p>\n\n\n\n<p>\u00ab\u00b4The missing hyphens between the two worlds\u00b4 Rethinking the Relationship of Modernity and Translation\u00bb, in <a href=\"https:\/\/link.springer.com\/book\/9783031927805\" target=\"_blank\" rel=\"noreferrer noopener\"><em>Translating Modernity. (Trans)formations of a Concept<\/em>,<\/a> ed. by Salah Basalamah and Abdel-Wahab Khalifa (forthcoming 2026).<\/p>\n\n\n\n<p><em>Swiss Literary Multilingualism: A Challenge to the Monolingual Paradigm<\/em> (special issue of <em>Journal of Literary Multilingualism<\/em>), edited together with Richard McClelland (forthcoming 2026).<\/p>\n\n\n\n<p>Interview with the writer Francesco Micieli: \u201cI don\u2019t write in my mother tongue, or in a national language. I write in a foreign language. I write in German.\u201d A conversation between Rainer Guldin and the Swiss writer Francesco Micieli (in <em>Swiss Literary Multilingualism: A Challenge to the Monolingual Paradigm<\/em>) (forthcoming 2026).<\/p>\n\n\n\n<p>\u00abVil\u00e9m Flusser: Un philosophe br\u00e9silien?\u00bb, in <em>Archives de Philosophie<\/em>, ed. by Sert\u00f3rio de Amorim e Silva Neto and Pierre Girard (forthcoming 2026).<\/p>\n\n\n\n<p>Review of Andreas M\u00fcller-Pohle\u00b4s &#8220;Robots. A Speculative Compendium. With an essay and an afterword by the artist&#8221; in <em>Flusser Studies 41<\/em> (forthcoming May 2026).<\/p>\n\n\n\n<p>&#8220;<a href=\"https:\/\/k-larevue.com\/en\/2026\/01\/29\/october-1973-vilem-flussers-the-jewish-war\/?utm_campaign=EN%20news%20%23254&amp;utm_medium=email&amp;utm_source=Mailjet\" target=\"_blank\" rel=\"noreferrer noopener\">October 1973. Vil\u00e9m Flusser\u2019s \u00b4The Jewish War\u00b4<\/a>&#8221; in <em>K. Les Juifs, l\u00b4Europe, le XXIe si\u00e8cle <\/em>(January 29, 2026).<\/p>\n\n\n\n<p><a href=\"https:\/\/www.flusserstudies.net\/current-issue\" target=\"_blank\" rel=\"noreferrer noopener\"><em>Flusser Studies 40<\/em> <\/a>(ed. Rainer Guldin). See also my contributions: &#8220;<a href=\"https:\/\/www.flusserstudies.net\/sites\/www.flusserstudies.net\/files\/media\/attachments\/the-mirror-labyrinth.pdf\" target=\"_blank\" rel=\"noreferrer noopener\">The Mirror Labyrinth<\/a>&#8221; and &#8220;<a href=\"https:\/\/www.flusserstudies.net\/sites\/www.flusserstudies.net\/files\/media\/attachments\/flusser-and-punctuation.pdf\" target=\"_blank\" rel=\"noreferrer noopener\">, ( ) , On Vil\u00e9m Flusser\u2019s Idiosyncratic Use of<br>Commas and Round Brackets<\/a>&#8221; (November 2025)<\/p>\n\n\n\n<p>&#8220;Politik denken: Zur Aktualit\u00e4t Vil\u00e9m Flussers \/ Thinking Politics: The Relevance of Vil\u00e9m Flusser&#8221;, in European Photography 117, p. 58-59. (November 2025).<\/p>\n\n\n\n<p><strong>Conferences and Seminars:<\/strong><\/p>\n\n\n\n<p>I will hold the speech <em>Reflections on the Relationship of \u2018Translation\u2019 and Philosophy<\/em>, in the concluding workshop of  PHILTRANS \u2013 \u201cPhilosophy as Translation: Toward a Translational Education\u201d, to be held on June 3 and 4, 2026 at the University of Padova.<\/p>\n\n\n\n<p>On February 25, 2025, I participated in the seminar \u00ab<a href=\"https:\/\/rainer-guldin.ch\/wp-content\/uploads\/2025\/03\/MATTER-OF-LANGUAGE.pdf\" target=\"_blank\" rel=\"noreferrer noopener\">On (M)other Tongues and (M)othered Languages<\/a>\u00bb in the Department of Humanities (DILEF) of the Universit\u00e0 degli Studi di Firenze. The title of my bilingual talk is <em>Beyond the Mother Tongue?<\/em> <em>Reflections on Multilingualism and Linguistic Identity \/<\/em> <em>Oltre la lingua madre? Riflessioni sul multilinguismo e l\u00b4identit\u00e0 linguistica<\/em>.<\/p>\n\n\n\n<p>On June 27, 2023, I held the speech \u00abFigures of Nihilism in Vil\u00e9m Flusser\u2019s Philosophy\u00bb (Keynote speaker) at the International Conference <a href=\"https:\/\/ifilosofia.up.pt\/activities\/nihilism-across-boundaries\" target=\"_blank\" rel=\"noreferrer noopener\">Philosophy and Literature, Nihilism Across Boundaries<\/a> at the Faculty of Arts and Humanities &#8211; University of Porto.<\/p>\n\n\n\n<p><strong>Interview<\/strong>:<\/p>\n\n\n\n<p>Listen to the podcast \u00ab<a href=\"https:\/\/www.youtube.com\/watch?v=blxLgCdWAuo\" target=\"_blank\" rel=\"noreferrer noopener\">The Philosophy of Vil\u00e9m Flusser with Rainer Guldin<\/a>\u00bb (February, 15, 2023) on Hermitix.<\/p>\n\n\n\n<p><strong>Latest book publication:<\/strong> <\/p>\n\n\n\n<p><a href=\"https:\/\/www.transcript-verlag.de\/978-3-8376-6843-8\/philosophie-des-windes\/\" target=\"_blank\" rel=\"noreferrer noopener\"><strong>Philosophie des Windes. Versuch \u00fcber das Unberechenbare<\/strong>: <\/a><\/p>\n\n\n\n<p><a href=\"https:\/\/lisa.gerda-henkel-stiftung.de\/guldin_philosophie_wind\" target=\"_blank\" rel=\"noreferrer noopener\"><strong>Interview<\/strong><\/a> on L.I.S.A. (Wissenschaftsportal der Gerda Henkel Stiftung): \u00abDer Wind ist eine Metapher der Prekarit\u00e4t menschlichen Lebens\u00bb, Interview mit Rainer Guldin \u00fcber die Philosophie des Windes (also on <a href=\"https:\/\/twitter.com\/PortalLISA\/status\/1717075344119800211?t=mawFE1kGfYK4amUYMItC7A&amp;s=19\" target=\"_blank\" rel=\"noreferrer noopener\">Twitter<\/a>).<\/p>\n\n\n\n<p>See the <a href=\"https:\/\/www.youtube.com\/watch?v=9-mam7ai4v4\" target=\"_blank\" rel=\"noreferrer noopener\"><strong>videointerview<\/strong> <\/a> \u00abDer Wind als Denkfigur zur \u00dcberwindung von Dualismen\u00bb (transcript Verlag).<\/p>\n\n\n\n<p>A new interview about <em>Philosophie des Windes<\/em> was done by Catrin Altzschner in view of the exhibition <a href=\"https:\/\/www.dhmd.de\/ausstellungen\/vorschau\/die-luft-eine-fuer-alle\">Luft. Eine <\/a><a href=\"https:\/\/www.dhmd.de\/ausstellungen\/vorschau\/die-luft-eine-fuer-alle\" target=\"_blank\" rel=\"noreferrer noopener\">f\u00fcr<\/a><a href=\"https:\/\/www.dhmd.de\/ausstellungen\/vorschau\/die-luft-eine-fuer-alle\"> alle<\/a> &#8211; <em>The air we share<\/em> &#8211; in the Deutsche Hygiene Museum in Leipzig. A small part of it has been used in part three of the podcast <a href=\"https:\/\/podcast.dhmd.de\/\">Das Luftschloss<\/a> \u00abAm Wind\u00bb. <\/p>\n\n\n\n<p>Listen to \u00ab<a href=\"https:\/\/www.deutschlandfunkkultur.de\/buecher-zum-wind-in-der-philosophie-der-atem-der-welt-dlf-kultur-d062a29d-100.html\" target=\"_blank\" rel=\"noreferrer noopener\">B\u00fccher zum Wind in der Philosophie: Der Atem der Welt<\/a>\u00bb by Christian Berndt (Deutschlandfunk Kultur, <em>Philosophiemagazin Sein und Streit <\/em>October 29, 2023). \u00abVielleicht k\u00f6nnte die Philosophie des Windes die Philosophie der Zukunft sein.\u00bb <\/p>\n\n\n\n<p>Listen to <a href=\"https:\/\/www.swr.de\/swr2\/literatur\/rainer-guldin-philosophie-des-windes-versuch-ueber-das-unberechenbare-swr2-lesenswert-kritik-2023-12-21-100.html\" target=\"_blank\" rel=\"noreferrer noopener\">SWR2 lesenswert Kritik<\/a> by Andrea Gnam. \u00abGuldins Philosophie des Windes bl\u00e4st das Denken durch und wirft die Frage auf, die Michel Serres so sch\u00f6n formuliert hat: \u201eWarum schreiben Philosophen nicht mehr \u00fcber das Wetter\u201c? Angesichts von Klimakrise und \u00f6kologischen Zerst\u00f6rungen sollten sie es unbedingt tun: Guldins anregendes Buch bietet dazu einen sch\u00f6nen Ansto\u00df.\u00bb <\/p>\n\n\n\n<p><strong>Reviews:<\/strong><\/p>\n\n\n\n<p>\u00bbZu einem originellen Buch wie dem vorliegenden kann man kein Fazit<br>schreiben, ohne da\u00df man dann doch gleich wieder woanders hingeweht<br>wird \u2013 denn die vielen Anregungen darin k\u00f6nnen wie ein befreiender Wirbelsturm des Denkens wirken.\u00ab Till Kinzel,<em> <a href=\"https:\/\/rainer-guldin.ch\/wp-content\/uploads\/2023\/11\/12352.pdf\" target=\"_blank\" rel=\"noreferrer noopener\">Informationsmittel<\/a> (IFB), 11 (2023)<\/em><\/p>\n\n\n\n<p>\u00bbDas Buch l\u00e4sst uns wie der Wind vom Alltag abheben, wir wundern uns und staunen. Ein Buch, das f\u00fcr neugierige und wissensbegierige Laien nur zu empfehlen ist und f\u00fcr Forschende aller Disziplinen ein Muss.\u00ab<br>Ingrid Mosblech-Kaltwasser,<em> <\/em><a href=\"https:\/\/www.der-kultur-blog.de\/philosophie-des-windes-von-rainer-guldin\/\" target=\"_blank\" rel=\"noreferrer noopener\">www.der-kultur-blog.de<\/a><em>, <\/em>November 18, 2023<\/p>\n\n\n\n<p>Alexander Kluy, \u00abVom Winde verweht: Drei neue B\u00fccher \u00fcber das&nbsp;Ph\u00e4nomen Wind\u00bb, in <em>Buchkultur. Das internationale Buchmagaz<\/em>in, 210, 5\/2023: 51: \u00abargumentativ anregende Lekt\u00fcre [\u2026] \u00fcber Leichtigkeit und Ungreifbarkeit.\u00bb<\/p>\n\n\n\n<p><a href=\"https:\/\/www.lerjentours.ch\/wind-walk\/\" target=\"_blank\" rel=\"noreferrer noopener\"><strong>Wind Walk<\/strong><\/a>: \u00abDer Wind aber ist im Subtilen, Spielerischen und Ephemeren angesiedelt.\u00bb Rainer Guldin, Philosophie des Windes, Bielefeld 2023, 26. <\/p>\n\n\n\n<p><\/p>\n\n\n\n<p><\/p>\n\n\n\n<p><\/p>\n\n\n\n<p><\/p>\n\n\n\n<p><\/p>\n\n\n\n<p><\/p>\n\n\n\n<p><\/p>\n\n\n\n<p><\/p>\n","protected":false},"excerpt":{"rendered":"<p>New and forthcoming Publications: K\u00f6rperalphabet. Ein kritisches W\u00f6rterbuch, transcript Verlag, Bielefeld (forthcoming autumn 2026). \u00ab\u00b4The missing hyphens between the two worlds\u00b4 Rethinking the Relationship of Modernity and Translation\u00bb, in Translating Modernity. (Trans)formations of a Concept, ed. by Salah Basalamah and Abdel-Wahab Khalifa (forthcoming 2026). Swiss Literary Multilingualism: A Challenge to the Monolingual Paradigm (special issue [&hellip;]<\/p>\n","protected":false},"author":1,"featured_media":0,"parent":0,"menu_order":12,"comment_status":"closed","ping_status":"closed","template":"","meta":{"footnotes":""},"class_list":["post-303","page","type-page","status-publish","hentry"],"_links":{"self":[{"href":"https:\/\/rainer-guldin.ch\/index.php?rest_route=\/wp\/v2\/pages\/303","targetHints":{"allow":["GET"]}}],"collection":[{"href":"https:\/\/rainer-guldin.ch\/index.php?rest_route=\/wp\/v2\/pages"}],"about":[{"href":"https:\/\/rainer-guldin.ch\/index.php?rest_route=\/wp\/v2\/types\/page"}],"author":[{"embeddable":true,"href":"https:\/\/rainer-guldin.ch\/index.php?rest_route=\/wp\/v2\/users\/1"}],"replies":[{"embeddable":true,"href":"https:\/\/rainer-guldin.ch\/index.php?rest_route=%2Fwp%2Fv2%2Fcomments&post=303"}],"version-history":[{"count":161,"href":"https:\/\/rainer-guldin.ch\/index.php?rest_route=\/wp\/v2\/pages\/303\/revisions"}],"predecessor-version":[{"id":1424,"href":"https:\/\/rainer-guldin.ch\/index.php?rest_route=\/wp\/v2\/pages\/303\/revisions\/1424"}],"wp:attachment":[{"href":"https:\/\/rainer-guldin.ch\/index.php?rest_route=%2Fwp%2Fv2%2Fmedia&parent=303"}],"curies":[{"name":"wp","href":"https:\/\/api.w.org\/{rel}","templated":true}]}}