{"id":54,"date":"2023-06-10T14:51:45","date_gmt":"2023-06-10T14:51:45","guid":{"rendered":"https:\/\/rainer-guldin.ch\/?page_id=54"},"modified":"2026-03-15T12:58:57","modified_gmt":"2026-03-15T12:58:57","slug":"writing","status":"publish","type":"page","link":"https:\/\/rainer-guldin.ch\/?page_id=54","title":{"rendered":"Writing"},"content":{"rendered":"\n<p>\u00bbScribere necesse est, vivere non est\u00ab Vil\u00e9m Flusser<\/p>\n\n\n\n<p>This is a list of my book-length publications (including editorships, as well as my diploma and my Ph.D. thesis). <\/p>\n\n\n\n<p>Add to this the different issues of <em><a href=\"https:\/\/www.flusserstudies.net\/archive\" target=\"_blank\" rel=\"noreferrer noopener\">Flusser Studies<\/a><\/em> that I have been editing from 2005 to 2026: Eleven issues as an editor (Flusser Studies 9, 12, 14, 17 (part two), 20, 22, 33 (part two), 35, 37, 39 and 40) and fifteen issues as a co-editor (Flusser Studies 6 (with Janine Marchessault), 11 (with Dirk Michael Hennrich), 15 (with Gabriela Reinaldo), 19 (with Vito Campanelli), 23 and 26\u00a0(with Eva Batli\u010dkov\u00e1), 24 (with Steffi Winkler), Studies 29 and 32 (with Nancy Roth), 31 (with Marc Lenot), 36 (with William A. Hanff and Rodrigo Martini), and 1, 2, 4 and 10 (with Anke Finger).<\/p>\n\n\n\n<p>I have published books in three different languages: German, English and Portuguese. The main subjects are: Vil\u00e9m Flusser (2020a, 2019, 2017a\/b, 2011, 2010b, 2009a, 2008, 2005, 2004), Clouds and Winds (2023, 2009b and 2006), Translation and Multilingualism (2020b and 2016), as well as Body and Landscape (2014 and 2000).<\/p>\n\n\n\n<p>You can find a list of my other publications (essays, book chapters, reviews, translations) in German, English, Portuguese, French, Italian and Polish <a href=\"https:\/\/rainer-guldin.ch\/wp-content\/uploads\/2025\/03\/Publications-updated.pdf\" target=\"_blank\" rel=\"noreferrer noopener\">here<\/a> <a href=\"https:\/\/rainer-guldin.ch\/wp-content\/uploads\/2025\/03\/Publications.pdf\" target=\"_blank\" rel=\"noreferrer noopener\"><\/a>and my conference presentations, panel discussions, workshops and interviews <a href=\"https:\/\/rainer-guldin.ch\/wp-content\/uploads\/2025\/03\/Conference-Presentations.pdf\" target=\"_blank\" rel=\"noreferrer noopener\">here<\/a>.<\/p>\n\n\n\n<figure class=\"wp-block-image size-full is-resized\"><img loading=\"lazy\" decoding=\"async\" width=\"324\" height=\"299\" src=\"https:\/\/rainer-guldin.ch\/wp-content\/uploads\/2025\/04\/Bild1.png\" alt=\"Vienna, Summer 2017\" class=\"wp-image-1285\" style=\"width:324px;height:auto\" srcset=\"https:\/\/rainer-guldin.ch\/wp-content\/uploads\/2025\/04\/Bild1.png 324w, https:\/\/rainer-guldin.ch\/wp-content\/uploads\/2025\/04\/Bild1-300x277.png 300w\" sizes=\"auto, (max-width: 324px) 100vw, 324px\" \/><\/figure>\n\n\n\n<p>Vienna, Summer 2016<\/p>\n\n\n\n<p>The underlying theme that drives and at the same time unites most of my writing is the notion of metaphor. It is at the center of my publications from the metaphor of the body politic (<em>K\u00f6rpermetaphern: Zum Verh\u00e4ltnis von Politik und Medizin<\/em> 2000) to the metaphor of the national political landscape (<em>Politische Landschaften: Zum Verh\u00e4ltnis von Territorium und Identit\u00e4t<\/em> 2014), the metaphor of translation (<em>Translation as Metaphor<\/em> 2016), and the metaphors of multilingualism (<em>Metaphors of Multilingualism. Changing Attitudes towards Language Diversity in Literature, Linguistics and Philosophy<\/em> 2023). <\/p>\n\n\n\n<p>Metaphor also plays a fundamental role in my research on the work of <a href=\"https:\/\/rainer-guldin.ch\/wp-admin\/post.php?post=21&amp;action=edit\" target=\"_blank\" rel=\"noreferrer noopener\">Vil\u00e9m Flusser<\/a> whose thinking has been described as a form of metaphorical phantasy. <a href=\"https:\/\/rainer-guldin.ch\/wp-admin\/post.php?post=299&amp;action=edit\" target=\"_blank\" rel=\"noreferrer noopener\">Michel Serres<\/a> posits a direct relationship between meteorological phenomena (wind, clouds, rain, snow) and metaphors.<\/p>\n\n\n\n<p>2023:&nbsp;<em><a href=\"https:\/\/www.transcript-verlag.de\/978-3-8376-6843-8\/philosophie-des-windes\/\" target=\"_blank\" rel=\"noreferrer noopener\">Philosophie des Windes.<\/a> Versuch \u00fcber das Unberechenbare<\/em>, transcript, Bielefeld.<\/p>\n\n\n\n<p>2020a: <em>Vil\u00e9m Flusser -Hundert Zitate<\/em> (edited together with Andreas M\u00fcller-Pohle), European Photography (Edition Flusser), Berlin.<\/p>\n\n\n\n<p>2020b: <em><a href=\"https:\/\/www.routledge.com\/Metaphors-of-Multilingualism-Changing-Attitudes-towards-Language-Diversity\/Guldin\/p\/book\/9781032237275\" target=\"_blank\" rel=\"noreferrer noopener\">Metaphors of Multilingualism<\/a>. Changing Attitudes towards Language Diversity in Literature, Linguistics and Philosophy<\/em>, Routledge, New York.<\/p>\n\n\n\n<p>2019: <em><a href=\"http:\/\/www.azimuthjournal.com\/2020\/02\/27\/thinking-in-exile-the-nomadic-philosophy-of-vilem-flusser\/\" target=\"_blank\" rel=\"noreferrer noopener\">Thinking in Exile<\/a>. The Nomadic Philosophy of Vil\u00e9m Flusser \/ Pensare in esilio. La filosofia nomadica di Vil\u00e9m Flusser<\/em> (edited together with Marco Carassai). In Azimuth &#8211; Philosophical Coordinates in Modern and&nbsp; Contemporary Age, VII, nr.13, InSchibboleth, Rome.<\/p>\n\n\n\n<p>2018: <a href=\"https:\/\/loja.annablume.com.br\/best-of-flusser-studies-2005-2017\" target=\"_blank\" rel=\"noreferrer noopener\"><em>Best of Flusser Studies 2005-2017<\/em><\/a> (edited together with Gustavo Bernardo), Annablume S\u00e3o Paulo.<\/p>\n\n\n\n<p>2017a: <em><a href=\"https:\/\/www.transcript-verlag.de\/978-3-8376-4064-9\/vilem-flusser-1920-1991\/\" target=\"_blank\" rel=\"noreferrer noopener\">Vil\u00e9m Flusser<\/a> (1920-1991). Ein Leben in der Bodenlosigkeit. Biographie <\/em>(written together with Gustavo Bernardo), transcript Verlag, Bielefeld.<\/p>\n\n\n\n<p>2017b: <a href=\"http:\/\/www.annablume.com.br\/loja\/product_info.php?products_id=2214&amp;osCsid=labfzzqwge\" target=\"_blank\" rel=\"noreferrer noopener\"><em>O homem sem <\/em><\/a><a href=\"https:\/\/loja.annablume.com.br\/o-homem-sem-chao\" target=\"_blank\" rel=\"noreferrer noopener\"><em>ch\u00e3o: a biografia de Vil\u00e9m Flusser<\/em> <\/a>(written together with Gustavo Bernardo), Annablume editora, S\u00e3o Paulo.<\/p>\n\n\n\n<p>2016: <a href=\"https:\/\/www.routledge.com\/Translation-as-Metaphor\/Guldin\/p\/book\/9781138593701\"><em>Translation as <\/em><\/a><a href=\"https:\/\/www.routledge.com\/Translation-as-Metaphor\/Guldin\/p\/book\/9781138593701\" target=\"_blank\" rel=\"noreferrer noopener\"><em>Metaphor<\/em><\/a>, Translation Theories Explored, Routledge, New York and London<\/p>\n\n\n\n<p>2014: <em><a href=\"https:\/\/www.transcript-verlag.de\/978-3-8376-2818-0\/politische-landschaften\/\" target=\"_blank\" rel=\"noreferrer noopener\">Politische Landschaften<\/a>. Zum Verh\u00e4ltnis von Raum und nationaler Identit\u00e4t<\/em>, transcript, Bielefeld.<\/p>\n\n\n\n<p>2011: <em>Vil\u00e9m Flusser. An Introduction<\/em> (written together with Gustavo Bernardo and Anke Finger), Minnesota University Press, Minneapolis<\/p>\n\n\n\n<p>2010a: <em><a href=\"https:\/\/www.rimbaud.de\/books\/spiegelgeschichten\/\" target=\"_blank\" rel=\"noreferrer noopener\">Spiegelgeschichten<\/a>. Zu Hubert Fichtes und Hans Henny Jahnns Thomas Chatterton<\/em>, Rimbaud Verlag, Aachen.<\/p>\n\n\n\n<p>2010b: <em>Pensar entre linguas. A teoria da tradu\u00e7\u00e3o de Vil\u00e9m Flusser<\/em>, Annablume, S\u00e3o Paulo.<\/p>\n\n\n\n<p>2009a: <a href=\"https:\/\/www.utb.de\/doi\/book\/10.36198\/9783838530451\" target=\"_blank\" rel=\"noreferrer noopener\"><em>Vil\u00e9m Flusser<\/em> <\/a>(written together with Gustavo Bernardo and Anke Finger), W. Fink UTB Profile, Paderborn.<\/p>\n\n\n\n<p>2009b: <em>\u201e<a href=\"https:\/\/www.amazon.de\/International-Lectures-Wolkenformationen-M%C3%B6glichkeiten-Einbildungskraft\/dp\/386560420X\" target=\"_blank\" rel=\"noreferrer noopener\">Wolkenformationen<\/a> [\u2026] aus dem Dunst der M\u00f6glichkeiten. Zur nubigenen Einbildungskraft<\/em>, Flusser Lecture, Walther K\u00f6nig, Cologne.<\/p>\n\n\n\n<p>2008: <a href=\"https:\/\/loja.annablume.com.br\/vilem-flusser-uma-introducao\" target=\"_blank\" rel=\"noreferrer noopener\"><em>Vil\u00e9m Flusser. Uma Introdu\u00e7\u00e3o<\/em><\/a><a href=\"http:\/\/www.annablume.com.br\/loja\/product_info.php?products_id=1008&amp;osCsid=labfzzqwge\" target=\"_blank\" rel=\"noreferrer noopener\"><em> <\/em><\/a>(written together with Gustavo Bernardo and Anke Finger), Annablume S\u00e3o Paulo.<\/p>\n\n\n\n<p>2006: <em><a href=\"https:\/\/www.kulturverlag-kadmos.de\/programm\/details\/die_sprache_des_himmels#:~:text=Die%20Sprache%20des%20HimmelsEine%20Geschichte%20der%20Wolken&amp;text=Setzt%20die%20eine%20auf%20die,%2C%20Nebelhafte%2C%20Undurchsichtige%20und%20Trennende.\" target=\"_blank\" rel=\"noreferrer noopener\">Die Sprache des Himmels<\/a>. Eine Geschichte der Wolken<\/em>, Kadmos, Berlin.<\/p>\n\n\n\n<p>2005: <em><a href=\"https:\/\/www.fink.de\/display\/title\/41517?language=de\" target=\"_blank\" rel=\"noreferrer noopener\">Philosophieren zwischen den Sprachen<\/a>. Vil\u00e9m Flussers Werk<\/em>, Wilhelm Fink, Munich.<\/p>\n\n\n\n<p>2004: <a href=\"https:\/\/www.narr.de\/das-spiel-mit-der-%C3%9Cbersetzung-38048\/\" target=\"_blank\" rel=\"noreferrer noopener\"><em>Das Spiel mit der \u00dcbersetzung. Figuren der Mehrsprachigkeit im Werk Vil\u00e9m Flussers<\/em><\/a> (ed.), Francke Verlag, T\u00fcbingen and Basel.<\/p>\n\n\n\n<p>2003: <em>Intercultural Communication. Self-Consciousness, translation and mutual understanding<\/em> (edited together with Athanasios Moulakis), Studies in Communication Sciences, Volume 3, Number 2, Lugano<em>.<\/em><\/p>\n\n\n\n<p>2000: <em>K\u00f6rpermetaphern. Zum Verh\u00e4ltnis von Politik und Medizin<\/em>, K\u00f6nigshausen &amp; Neumann, W\u00fcrzburg.<\/p>\n\n\n\n<p>1995: <em><a href=\"https:\/\/www.isbn.de\/buch\/9783861490333\/lieber-ist-mir-ein-bursch\" target=\"_blank\" rel=\"noreferrer noopener\">Lieber ist mir ein Bursch. Zur Sozialgeschichte der Homosexualit\u00e4t im Spiegel der Literatur<\/a><\/em>, Berlin<\/p>\n\n\n\n<p>1991: <em><a href=\"https:\/\/www.amazon.de\/Verbr%C3%BCderung-Symonds-Carpenter-M-Forster-Literarische\/dp\/3921495016\" target=\"_blank\" rel=\"noreferrer noopener\">Verbr\u00fcderung. J. A. Symonds \u2013 E. Carpenter \u2013 E. M. Forster. Literarische Portr\u00e4ts<\/a><\/em>, Berlin.<\/p>\n\n\n\n<p>1984: <a href=\"https:\/\/rainer-guldin.ch\/?page_id=296\" data-type=\"page\" data-id=\"296\"><em>Riten der Randzonen. Hubert Fichtes Untersuchungen zur Tradition des Abartigen<\/em><\/a> (Ph.D. Thesis, University of Zurich), Z\u00fcrich.<\/p>\n\n\n\n<p>1980: <a href=\"https:\/\/rainer-guldin.ch\/?page_id=296\" data-type=\"page\" data-id=\"296\"><em>Streams and Canals: The Relation of Body and Text in H. P. Lovecraft\u2019s Writing<\/em><\/a>,<em> <\/em>(Lizentiat, University of Z\u00fcrich) Z\u00fcrich.<\/p>\n\n\n\n<figure class=\"wp-block-image aligncenter size-large is-resized\"><img loading=\"lazy\" decoding=\"async\" width=\"1024\" height=\"498\" src=\"https:\/\/rainer-guldin.ch\/wp-content\/uploads\/2023\/07\/20230705_204253-1024x498.jpg\" alt=\"\" class=\"wp-image-735\" srcset=\"https:\/\/rainer-guldin.ch\/wp-content\/uploads\/2023\/07\/20230705_204253-1024x498.jpg 1024w, https:\/\/rainer-guldin.ch\/wp-content\/uploads\/2023\/07\/20230705_204253-300x146.jpg 300w, https:\/\/rainer-guldin.ch\/wp-content\/uploads\/2023\/07\/20230705_204253-768x373.jpg 768w, https:\/\/rainer-guldin.ch\/wp-content\/uploads\/2023\/07\/20230705_204253-1536x747.jpg 1536w, https:\/\/rainer-guldin.ch\/wp-content\/uploads\/2023\/07\/20230705_204253-2048x996.jpg 2048w\" sizes=\"auto, (max-width: 1024px) 100vw, 1024px\" \/><\/figure>\n\n\n\n<p><\/p>\n\n\n\n<p><\/p>\n\n\n\n<p><\/p>\n\n\n\n<div class=\"wp-block-group alignfull has-background-color has-global-padding is-layout-constrained wp-container-core-group-is-layout-5d2f8bdc wp-block-group-is-layout-constrained\" style=\"margin-top:0;margin-bottom:0;padding-top:var(--wp--preset--spacing--40);padding-right:var(--wp--preset--spacing--30);padding-bottom:var(--wp--preset--spacing--40);padding-left:var(--wp--preset--spacing--30)\">\n<div class=\"wp-block-group alignwide is-content-justification-space-between is-layout-flex wp-container-core-group-is-layout-b585a4aa wp-block-group-is-layout-flex\">\n<div class=\"wp-block-group is-layout-flex wp-block-group-is-layout-flex\"><h1 class=\"wp-block-site-title has-small-font-size\"><a href=\"https:\/\/rainer-guldin.ch\" target=\"_self\" rel=\"home\">Rainer Guldin<\/a><\/h1><\/div>\n\n\n\n<p class=\"has-small-font-size\"><\/p>\n<\/div>\n<\/div>\n","protected":false},"excerpt":{"rendered":"<p>\u00bbScribere necesse est, vivere non est\u00ab Vil\u00e9m Flusser This is a list of my book-length publications (including editorships, as well as my diploma and my Ph.D. thesis). Add to this the different issues of Flusser Studies that I have been editing from 2005 to 2026: Eleven issues as an editor (Flusser Studies 9, 12, 14, [&hellip;]<\/p>\n","protected":false},"author":1,"featured_media":0,"parent":0,"menu_order":2,"comment_status":"closed","ping_status":"closed","template":"","meta":{"footnotes":""},"class_list":["post-54","page","type-page","status-publish","hentry"],"_links":{"self":[{"href":"https:\/\/rainer-guldin.ch\/index.php?rest_route=\/wp\/v2\/pages\/54","targetHints":{"allow":["GET"]}}],"collection":[{"href":"https:\/\/rainer-guldin.ch\/index.php?rest_route=\/wp\/v2\/pages"}],"about":[{"href":"https:\/\/rainer-guldin.ch\/index.php?rest_route=\/wp\/v2\/types\/page"}],"author":[{"embeddable":true,"href":"https:\/\/rainer-guldin.ch\/index.php?rest_route=\/wp\/v2\/users\/1"}],"replies":[{"embeddable":true,"href":"https:\/\/rainer-guldin.ch\/index.php?rest_route=%2Fwp%2Fv2%2Fcomments&post=54"}],"version-history":[{"count":88,"href":"https:\/\/rainer-guldin.ch\/index.php?rest_route=\/wp\/v2\/pages\/54\/revisions"}],"predecessor-version":[{"id":1420,"href":"https:\/\/rainer-guldin.ch\/index.php?rest_route=\/wp\/v2\/pages\/54\/revisions\/1420"}],"wp:attachment":[{"href":"https:\/\/rainer-guldin.ch\/index.php?rest_route=%2Fwp%2Fv2%2Fmedia&parent=54"}],"curies":[{"name":"wp","href":"https:\/\/api.w.org\/{rel}","templated":true}]}}